{"id":36,"date":"2015-03-07T22:55:32","date_gmt":"2015-03-07T22:55:32","guid":{"rendered":"http:\/\/www.tucon.renad.sk\/?page_id=36"},"modified":"2023-05-15T15:40:16","modified_gmt":"2023-05-15T13:40:16","slug":"clanky","status":"publish","type":"page","link":"https:\/\/www.tucon.sk\/en\/posts\/","title":{"rendered":"(Sloven\u010dina) \u010cl\u00e1nky"},"content":{"rendered":"","protected":false},"excerpt":{"rendered":"","protected":false},"author":1,"featured_media":0,"parent":0,"menu_order":21,"comment_status":"closed","ping_status":"closed","template":"template-blog-masonry.php","meta":{"inline_featured_image":false,"_links_to":"","_links_to_target":""},"yoast_head":"<!-- This site is optimized with the Yoast SEO Premium plugin v18.3 (Yoast SEO v21.6) - https:\/\/yoast.com\/wordpress\/plugins\/seo\/ -->\n<title>(Sloven\u010dina) \u010cl\u00e1nky | TuCon, a.s. \u017dilina<\/title>\n<meta name=\"robots\" content=\"index, follow, max-snippet:-1, max-image-preview:large, max-video-preview:-1\" \/>\n<link rel=\"canonical\" href=\"https:\/\/www.tucon.sk\/en\/clanky\/\" \/>\n<meta property=\"og:locale\" content=\"en_US\" \/>\n<meta property=\"og:type\" content=\"article\" \/>\n<meta property=\"og:title\" content=\"(Sloven\u010dina) \u010cl\u00e1nky\" \/>\n<meta property=\"og:url\" content=\"https:\/\/www.tucon.sk\/en\/clanky\/\" \/>\n<meta property=\"og:site_name\" content=\"TuCon, a.s. \u017dilina\" \/>\n<meta property=\"article:modified_time\" content=\"2023-05-15T13:40:16+00:00\" \/>\n<meta property=\"og:image\" content=\"https:\/\/www.tucon.sk\/wp-content\/uploads\/tucon-logo-normal.png\" \/>\n\t<meta property=\"og:image:width\" content=\"163\" \/>\n\t<meta property=\"og:image:height\" content=\"100\" \/>\n\t<meta property=\"og:image:type\" content=\"image\/png\" \/>\n<meta name=\"twitter:card\" content=\"summary_large_image\" \/>\n<script type=\"application\/ld+json\" class=\"yoast-schema-graph\">{\"@context\":\"https:\/\/schema.org\",\"@graph\":[{\"@type\":\"WebPage\",\"@id\":\"https:\/\/www.tucon.sk\/en\/clanky\/\",\"url\":\"https:\/\/www.tucon.sk\/en\/clanky\/\",\"name\":\"(Sloven\u010dina) \u010cl\u00e1nky | TuCon, a.s. \u017dilina\",\"isPartOf\":{\"@id\":\"https:\/\/www.tucon.sk\/en\/#website\"},\"datePublished\":\"2015-03-07T22:55:32+00:00\",\"dateModified\":\"2023-05-15T13:40:16+00:00\",\"breadcrumb\":{\"@id\":\"https:\/\/www.tucon.sk\/en\/clanky\/#breadcrumb\"},\"inLanguage\":\"en-US\",\"potentialAction\":[{\"@type\":\"ReadAction\",\"target\":[[\"https:\/\/www.tucon.sk\/en\/clanky\/\"]]}]},{\"@type\":\"BreadcrumbList\",\"@id\":\"https:\/\/www.tucon.sk\/en\/clanky\/#breadcrumb\",\"itemListElement\":[{\"@type\":\"ListItem\",\"position\":1,\"name\":\"Home\",\"item\":\"https:\/\/www.tucon.sk\/en\/\"},{\"@type\":\"ListItem\",\"position\":2,\"name\":\"\u010cl\u00e1nky\"}]},{\"@type\":\"WebSite\",\"@id\":\"https:\/\/www.tucon.sk\/en\/#website\",\"url\":\"https:\/\/www.tucon.sk\/en\/\",\"name\":\"TuCon, a. s.\",\"description\":\"Construction company\",\"publisher\":{\"@id\":\"https:\/\/www.tucon.sk\/en\/#organization\"},\"potentialAction\":[{\"@type\":\"SearchAction\",\"target\":{\"@type\":\"EntryPoint\",\"urlTemplate\":\"https:\/\/www.tucon.sk\/en\/?s={search_term_string}\"},\"query-input\":\"required name=search_term_string\"}],\"inLanguage\":\"en-US\"},{\"@type\":\"Organization\",\"@id\":\"https:\/\/www.tucon.sk\/en\/#organization\",\"name\":\"TuCon, a. s.\",\"url\":\"https:\/\/www.tucon.sk\/en\/\",\"logo\":{\"@type\":\"ImageObject\",\"inLanguage\":\"en-US\",\"@id\":\"https:\/\/www.tucon.sk\/en\/#\/schema\/logo\/image\/\",\"url\":\"https:\/\/www.tucon.sk\/wp-content\/uploads\/tucon-logo-normal.png\",\"contentUrl\":\"https:\/\/www.tucon.sk\/wp-content\/uploads\/tucon-logo-normal.png\",\"width\":163,\"height\":100,\"caption\":\"TuCon, a. s.\"},\"image\":{\"@id\":\"https:\/\/www.tucon.sk\/en\/#\/schema\/logo\/image\/\"}}]}<\/script>\n<!-- \/ Yoast SEO Premium plugin. -->","yoast_head_json":{"title":"(Sloven\u010dina) \u010cl\u00e1nky | TuCon, a.s. \u017dilina","robots":{"index":"index","follow":"follow","max-snippet":"max-snippet:-1","max-image-preview":"max-image-preview:large","max-video-preview":"max-video-preview:-1"},"canonical":"https:\/\/www.tucon.sk\/en\/clanky\/","og_locale":"en_US","og_type":"article","og_title":"(Sloven\u010dina) \u010cl\u00e1nky","og_url":"https:\/\/www.tucon.sk\/en\/clanky\/","og_site_name":"TuCon, a.s. \u017dilina","article_modified_time":"2023-05-15T13:40:16+00:00","og_image":[{"width":163,"height":100,"url":"https:\/\/www.tucon.sk\/wp-content\/uploads\/tucon-logo-normal.png","type":"image\/png"}],"twitter_card":"summary_large_image","schema":{"@context":"https:\/\/schema.org","@graph":[{"@type":"WebPage","@id":"https:\/\/www.tucon.sk\/en\/clanky\/","url":"https:\/\/www.tucon.sk\/en\/clanky\/","name":"(Sloven\u010dina) \u010cl\u00e1nky | TuCon, a.s. \u017dilina","isPartOf":{"@id":"https:\/\/www.tucon.sk\/en\/#website"},"datePublished":"2015-03-07T22:55:32+00:00","dateModified":"2023-05-15T13:40:16+00:00","breadcrumb":{"@id":"https:\/\/www.tucon.sk\/en\/clanky\/#breadcrumb"},"inLanguage":"en-US","potentialAction":[{"@type":"ReadAction","target":[["https:\/\/www.tucon.sk\/en\/clanky\/"]]}]},{"@type":"BreadcrumbList","@id":"https:\/\/www.tucon.sk\/en\/clanky\/#breadcrumb","itemListElement":[{"@type":"ListItem","position":1,"name":"Home","item":"https:\/\/www.tucon.sk\/en\/"},{"@type":"ListItem","position":2,"name":"\u010cl\u00e1nky"}]},{"@type":"WebSite","@id":"https:\/\/www.tucon.sk\/en\/#website","url":"https:\/\/www.tucon.sk\/en\/","name":"TuCon, a. s.","description":"Construction company","publisher":{"@id":"https:\/\/www.tucon.sk\/en\/#organization"},"potentialAction":[{"@type":"SearchAction","target":{"@type":"EntryPoint","urlTemplate":"https:\/\/www.tucon.sk\/en\/?s={search_term_string}"},"query-input":"required name=search_term_string"}],"inLanguage":"en-US"},{"@type":"Organization","@id":"https:\/\/www.tucon.sk\/en\/#organization","name":"TuCon, a. s.","url":"https:\/\/www.tucon.sk\/en\/","logo":{"@type":"ImageObject","inLanguage":"en-US","@id":"https:\/\/www.tucon.sk\/en\/#\/schema\/logo\/image\/","url":"https:\/\/www.tucon.sk\/wp-content\/uploads\/tucon-logo-normal.png","contentUrl":"https:\/\/www.tucon.sk\/wp-content\/uploads\/tucon-logo-normal.png","width":163,"height":100,"caption":"TuCon, a. s."},"image":{"@id":"https:\/\/www.tucon.sk\/en\/#\/schema\/logo\/image\/"}}]}},"_links":{"self":[{"href":"https:\/\/www.tucon.sk\/en\/wp-json\/wp\/v2\/pages\/36"}],"collection":[{"href":"https:\/\/www.tucon.sk\/en\/wp-json\/wp\/v2\/pages"}],"about":[{"href":"https:\/\/www.tucon.sk\/en\/wp-json\/wp\/v2\/types\/page"}],"author":[{"embeddable":true,"href":"https:\/\/www.tucon.sk\/en\/wp-json\/wp\/v2\/users\/1"}],"replies":[{"embeddable":true,"href":"https:\/\/www.tucon.sk\/en\/wp-json\/wp\/v2\/comments?post=36"}],"version-history":[{"count":1,"href":"https:\/\/www.tucon.sk\/en\/wp-json\/wp\/v2\/pages\/36\/revisions"}],"predecessor-version":[{"id":4208,"href":"https:\/\/www.tucon.sk\/en\/wp-json\/wp\/v2\/pages\/36\/revisions\/4208"}],"wp:attachment":[{"href":"https:\/\/www.tucon.sk\/en\/wp-json\/wp\/v2\/media?parent=36"}],"curies":[{"name":"wp","href":"https:\/\/api.w.org\/{rel}","templated":true}]}}